{"id":3,"date":"2022-03-19T10:25:45","date_gmt":"2022-03-19T10:25:45","guid":{"rendered":"https:\/\/begge-peder.de\/?page_id=3"},"modified":"2022-03-19T19:04:57","modified_gmt":"2022-03-19T19:04:57","slug":"privacy-policy","status":"publish","type":"page","link":"https:\/\/begge-peder.de\/?page_id=3","title":{"rendered":"Impressum"},"content":{"rendered":"\t\t<div data-elementor-type=\"wp-page\" data-elementor-id=\"3\" class=\"elementor elementor-3\">\n\t\t\t\t\t\t<section class=\"elementor-section elementor-top-section elementor-element elementor-element-15e0813a elementor-section-boxed elementor-section-height-default elementor-section-height-default\" data-id=\"15e0813a\" data-element_type=\"section\" data-e-type=\"section\">\n\t\t\t\t\t\t<div class=\"elementor-container elementor-column-gap-default\">\n\t\t\t\t\t<div class=\"elementor-column elementor-col-100 elementor-top-column elementor-element elementor-element-5f94e06\" data-id=\"5f94e06\" data-element_type=\"column\" data-e-type=\"column\">\n\t\t\t<div class=\"elementor-widget-wrap elementor-element-populated\">\n\t\t\t\t\t\t<div class=\"elementor-element elementor-element-15537e16 elementor-widget elementor-widget-text-editor\" data-id=\"15537e16\" data-element_type=\"widget\" data-e-type=\"widget\" data-widget_type=\"text-editor.default\">\n\t\t\t\t<div class=\"elementor-widget-container\">\n\t\t\t\t\t\t\t\t\t<p><\/p>\n<h2 class=\"wp-block-heading\">\u00a0<\/h2>\n<div style=\"color: #8e8e8e; font-family: Raleway, sans-serif; font-size: 15px;\">\n<div>\n<div>\n<div style=\"display: table; table-layout: fixed; width: 1100px;\">\n<div style=\"display: table-cell; width: 1100px; height: 400px; vertical-align: top;\">\n<div>\n<div style=\"width: 960px; padding: 4em 1.6em; margin: 0px auto;\">\n<div>\n<div style=\"overflow-wrap: break-word; margin: 0px auto 1em; padding: 0px; line-height: 1.5; font-family: 'Gentium Basic' !important; font-size: 17px !important;\"><strong><span style=\"font-size: xx-large;\">Datenschutz &amp; Impressum<\/span><\/strong><br \/><u>Geltungsbereich<\/u><br \/>Diese Datenschutzerkl\u00e4rung vom 25.5.2018 gilt f\u00fcr das Internet-Angebot www.begge-peder.de und die dort angebotenen eigenen Inhalte. F\u00fcr Inhalte anderer Anbieter, auf die z. B. \u00fcber Links verwiesen wird, gelten die dortigen Bestimmungen. Insbesondere sind diese gem\u00e4\u00df \u00a7 7 Abs. 1 Telemediengesetz (TMG) f\u00fcr eigene Inhalte verantwortlich.<br \/><br \/><u>Verantwortliche Stelle<\/u><br \/>F\u00fcr die Webseite www.begge-peder.de verantwortlich im Sinne der Datenschutz-Grundverordnung ist:<br \/><br \/><strong>mach-<span style=\"color: #da4444;\">4<\/span><\/strong><br \/><span style=\"color: #000000;\">Peter Beck c\/o Jens Marquardt<\/span><br \/><span style=\"color: #000000;\">Rosetta-Vogt-Stra\u00dfe 70<br \/>55294 Bodenheim<br \/>Telefon: 06135-7045008<br \/>Mobil: 0178-8618300<\/span><br \/><span style=\"color: #000000;\">Fax: 06135-7045009<br \/>E-Mail:\u00a0<a style=\"color: #5199a8; transition: all 0.2s ease-in-out 0s;\" title=\"\" href=\"mailto:info@mach-4.de\">info@mach-4.de<\/a><br \/>Internet:\u00a0<a style=\"color: #5199a8; transition: all 0.2s ease-in-out 0s;\" title=\"\" href=\"http:\/\/www.mach-4.de\/\">www.mach-4.de<\/a><br \/>Ust-ID-Nr. DE 148276108<\/span><br \/><br \/><u>Umfang der Verarbeitung personenbezogener Informationen<\/u><br \/>Wir verarbeiten keinerlei personenbezogene Daten der Webseitenbesucher\u00a0<strong>PUNKT<\/strong><br \/><br \/><u>Verlinkungen<\/u><br \/>Soweit von unserer Webseite aus zu Inhalten anderer Anbieter verlinkt wird, unterliegt die Nutzung dieser Angebote, auf die wir keinen Einfluss haben, ggf. anderen Bedingungen als in dieser Datenschutzerkl\u00e4rung beschrieben\u00a0<strong>PUNKT<\/strong><br \/><br \/><u>Cookies<\/u><br \/>In diesem Internet-Angebot werden Cookies verwendet. Bei Cookies handelt es sich um Textdateien, die im Internetbrowser bzw. vom Internetbrowser auf dem Computersystem des Nutzers gespeichert werden. Ruft ein Nutzer eine Webseite auf, so k\u00f6nnen Cookies auf dem Betriebssystem des Nutzers gespeichert werden. Cookies enthalten charakteristische Zeichenfolgen, die eine eindeutige Identifizierung des Browsers beim erneuten Aufrufen einer bereits besuchten Webseite erm\u00f6glichen.<br \/>Die Cookies der Webseite www.begge-peder.de enthalten keine personenbezogenen Daten. Konkret handelt es sich dabei um:\n<ul style=\"margin: 5px 0px !important; list-style-position: outside !important; list-style-image: initial !important; padding: 0px 0px 0px 3em !important;\">\n<li style=\"margin-top: 3px !important; margin-right: 0px !important; margin-left: 0px !important; list-style: outside disc !important; padding: 0px 0px 0px 5px !important;\">IP-Adresse<\/li>\n<li style=\"margin-top: 3px !important; margin-right: 0px !important; margin-left: 0px !important; list-style: outside disc !important; padding: 0px 0px 0px 5px !important;\">Betriebssystem<\/li>\n<li style=\"margin-top: 3px !important; margin-right: 0px !important; margin-left: 0px !important; list-style: outside disc !important; padding: 0px 0px 0px 5px !important;\">Browserinformationen<\/li>\n<li style=\"margin-top: 3px !important; margin-right: 0px !important; margin-left: 0px !important; list-style: outside disc !important; padding: 0px 0px 0px 5px !important;\">installierte Browser-Plugins<\/li>\n<li style=\"margin-top: 3px !important; margin-right: 0px !important; margin-left: 0px !important; list-style: outside disc !important; padding: 0px 0px 0px 5px !important;\">Herkunft der Besucher<\/li>\n<li style=\"margin-top: 3px !important; margin-right: 0px !important; margin-left: 0px !important; list-style: outside disc !important; padding: 0px 0px 0px 5px !important;\">etc.<\/li>\n<\/ul>\nDie auf diese Weise erhobenen Daten der Nutzer werden durch technische Vorkehrungen pseudonymisiert. Daher ist eine Zuordnung der Daten zum aufrufenden Nutzer nicht mehr m\u00f6glich. Die Daten werden nicht gemeinsam mit sonstigen personenbezogenen Daten der Nutzer gespeichert.<br \/>Bei der Nutzung fremder Inhalte \u00fcber unsere Webseite (z. B. im Fall einer Verlinkung) k\u00f6nnen gegebenenfalls Cookies von Drittanbietern zum Einsatz kommen, ohne dass wir Sie ausdr\u00fccklich darauf hinweisen k\u00f6nnen. Die g\u00e4ngigen Browser erlauben es, die Verarbeitung solcher Cookies festzulegen, so dass Sie das Speichern dieser Cookies deaktivieren bzw. die Art der Verarbeitung durch Ihren Browser einstellen oder diese Cookies l\u00f6schen k\u00f6nnen (Hinweise zum Umgang mit Cookies siehe\u00a0<a style=\"color: #5199a8; transition: all 0.2s ease-in-out 0s;\" title=\"\" href=\"https:\/\/www.verbraucher-sicher-online.de\/thema\/cookies\" target=\"_blank\" rel=\"noopener\">https:\/\/www.verbraucher-sicher-online.de\/thema\/cookies<\/a>).<br \/>Eine Nutzung unserer Webseite ist auch ohne Cookies m\u00f6glich. Sie k\u00f6nnen das \u00fcblicherweise voreingestellte automatische Speichern von Cookies in Ihrem Browser also deaktivieren oder ihn so einstellen, dass er Sie benachrichtigt, sobald Cookies gesendet werden.<br \/>Dauer der SpeicherungDie Daten werden gel\u00f6scht, sobald sie f\u00fcr unsere Aufzeichnungszwecke nicht mehr ben\u00f6tigt werden. F\u00fcr unsere Webseite ist dies nach 26 Monaten der Fall.<br \/><br \/><u>Widerspruchs- und Beseitigungsm\u00f6glichkeit<\/u><br \/>Cookies werden auf dem Rechner des Nutzers gespeichert und von diesem an unsere Webseite \u00fcbermittelt. Daher haben Sie als Nutzer auch die volle Kontrolle \u00fcber die Verwendung von Cookies. Durch eine \u00c4nderung der Einstellungen in Ihrem Internetbrowser k\u00f6nnen Sie die \u00dcbertragung von Cookies deaktivieren oder einschr\u00e4nken. Bereits gespeicherte Cookies k\u00f6nnen jederzeit gel\u00f6scht werden. Dies kann auch automatisiert erfolgen. Werden Cookies f\u00fcr unsere Website deaktiviert, k\u00f6nnen m\u00f6glicherweise nicht mehr alle Funktionen der Website vollumf\u00e4nglich genutzt werden.<br \/><br \/><u>Widerspruchs- und Beseitigungsm\u00f6glichkeit<\/u><br \/>Cookies werden auf dem Rechner des Nutzers gespeichert und von diesem an unsere Webseite \u00fcbermittelt. Daher haben Sie als Nutzer auch die volle Kontrolle \u00fcber die Verwendung von Cookies. Durch eine \u00c4nderung der Einstellungen in Ihrem Internetbrowser k\u00f6nnen Sie die \u00dcbertragung von Cookies deaktivieren oder einschr\u00e4nken. Bereits gespeicherte Cookies k\u00f6nnen jederzeit gel\u00f6scht werden. Dies kann auch automatisiert erfolgen. Werden Cookies f\u00fcr unsere Website deaktiviert, k\u00f6nnen m\u00f6glicherweise nicht mehr alle Funktionen der Website vollumf\u00e4nglich genutzt werden.<br \/>Wir bieten unseren Besuchern auf unserer Website die M\u00f6glichkeit eines Opt-Out aus dem Analyseverfahren. Hierzu m\u00fcssen Sie dem entsprechenden Link folgen. Auf diese Weise wird ein weiterer Cookie auf ihrem System gesetzt, der unserem System signalisiert die Daten des Nutzers nicht zu speichern. L\u00f6scht der Nutzer den entsprechenden Cookie zwischenzeitlich vom eigenen System, so muss er den Opt-Out-Cookie erneut setzten.<br \/><br \/><u>Google Web Fonts<\/u><br \/>Diese Seite nutzt zur einheitlichen Darstellung von Schriftarten so genannte Web Fonts, die von Google bereitgestellt werden. Beim Aufruf einer Seite l\u00e4dt Ihr Browser dann die ben\u00f6tigten Web Fonts in ihren Browsercache, um Texte und Schriftarten korrekt anzuzeigen.<br \/>Zu diesem Zweck muss der von Ihnen verwendete Browser Verbindung zu den Servern von Google aufnehmen. Hierdurch erlangt Google Kenntnis dar\u00fcber, dass \u00fcber Ihre IP-Adresse unsere Website aufgerufen wurde.<br \/>Wenn Ihr Browser Web Fonts nicht unterst\u00fctzt, wird eine Standardschrift von Ihrem Computer genutzt.<br \/>Weitere Informationen zu Google Web Fonts finden Sie unter\u00a0<a style=\"color: #5199a8; transition: all 0.2s ease-in-out 0s;\" title=\"\" href=\"https:\/\/developers.google.com\/fonts\/faq\" target=\"_blank\" rel=\"noopener\">https:\/\/developers.google.com\/fonts\/faq<\/a>\u00a0und in der Datenschutzerkl\u00e4rung von Google:\u00a0<a style=\"color: #5199a8; transition: all 0.2s ease-in-out 0s;\" title=\"\" href=\"https:\/\/www.google.com\/policies\/privacy\/\" target=\"_blank\" rel=\"noopener\">https:\/\/www.google.com\/policies\/privacy\/<\/a>.<br \/>Rechtsgrundlage f\u00fcr die Verarbeitung personenbezogener DatenDie Rechtsgrundlage f\u00fcr die Verarbeitung von personenbezogenen Daten durch die Einbindung externer Anbieter ist Art. 6 Abs. 1 lit. e EU-DSGVO.<br \/>Die Rechtsgrundlage f\u00fcr die Verarbeitung personenbezogener Daten bei der Nutzung von eingebundenen externen Anbietern (z. B. Google Web Fonts) ist die aktive Nutzung dieser Dienste durch den Webseitenbesucher gem\u00e4\u00df Art. 6 Abs. 1 lit. b DSGVO.<br \/>Zweck der DatenverarbeitungDie Einbindung externer Dienstleister erh\u00f6ht den Bedienkomfort und die Attraktivit\u00e4t unserer Webseite.<br \/>Die Nutzung von Google Web Fonts erfolgt im Interesse einer einheitlichen und ansprechenden Darstellung unserer Webseite.<br \/>Dauer der SpeicherungDie Daten werden gel\u00f6scht, sobald sie f\u00fcr unsere Aufzeichnungszwecke nicht mehr ben\u00f6tigt werden. F\u00fcr unsere Webseite ist dies nach der Fall.<br \/>F\u00fcr den Umgang von Google mit Ihren personenbezogenen Daten verweisen wir auf die Datenschutzerkl\u00e4rung von Google:\u00a0<a style=\"color: #5199a8; transition: all 0.2s ease-in-out 0s;\" title=\"\" href=\"https:\/\/policies.google.com\/privacy?hl=de\" target=\"_blank\" rel=\"noopener\">https:\/\/policies.google.com\/privacy?hl=de<\/a><br \/><br \/><u>Serverprotokollierung<\/u><br \/>Server protokollieren \u00fcblicherweise bestimmte Daten in Zusammenhang mit denen auf ihnen gehosteten Webseiten.<br \/>Beim Zugriff auf diese Webseite werden die folgenden Daten von Besuchern erhoben und serverseitig protokolliert:\n<ul style=\"margin: 5px 0px !important; list-style-position: outside !important; list-style-image: initial !important; padding: 0px 0px 0px 3em !important;\">\n<li style=\"margin-top: 3px !important; margin-right: 0px !important; margin-left: 0px !important; list-style: outside disc !important; padding: 0px 0px 0px 5px !important;\">Besuchte Webseite<\/li>\n<li style=\"margin-top: 3px !important; margin-right: 0px !important; margin-left: 0px !important; list-style: outside disc !important; padding: 0px 0px 0px 5px !important;\">Datum und Uhrzeit des Zugriffes<\/li>\n<li style=\"margin-top: 3px !important; margin-right: 0px !important; margin-left: 0px !important; list-style: outside disc !important; padding: 0px 0px 0px 5px !important;\">Menge der gesendeten und empfangenen Daten<\/li>\n<li style=\"margin-top: 3px !important; margin-right: 0px !important; margin-left: 0px !important; list-style: outside disc !important; padding: 0px 0px 0px 5px !important;\">Quelle\/Verweis, von welchem Besucher auf die Webseite gelangt sind<\/li>\n<li style=\"margin-top: 3px !important; margin-right: 0px !important; margin-left: 0px !important; list-style: outside disc !important; padding: 0px 0px 0px 5px !important;\">Verwendeter Browser<\/li>\n<li style=\"margin-top: 3px !important; margin-right: 0px !important; margin-left: 0px !important; list-style: outside disc !important; padding: 0px 0px 0px 5px !important;\">Verwendetes Betriebssystem<\/li>\n<li style=\"margin-top: 3px !important; margin-right: 0px !important; margin-left: 0px !important; list-style: outside disc !important; padding: 0px 0px 0px 5px !important;\">Verwendete IP-Adresse<\/li>\n<\/ul>\n<\/div>\n<\/div>\n<\/div>\n<\/div>\n<\/div>\n<\/div>\n<\/div>\n<\/div>\n<\/div>\n<div style=\"font-family: Raleway, sans-serif; font-size: 14px; background-image: initial; background-position: initial; background-size: initial; background-repeat: initial; background-attachment: initial; background-origin: initial; background-clip: initial; border-top: 1px solid rgba(99, 99, 99, 0.1); color: #8e8e8e;\">\n<div style=\"width: 960px; padding: 4em 1.6em; margin: auto;\">\n<div style=\"clear: both;\">\u00a0<\/div>\n<\/div>\n<\/div>\n<p><\/p>\t\t\t\t\t\t\t\t<\/div>\n\t\t\t\t<\/div>\n\t\t\t\t\t<\/div>\n\t\t<\/div>\n\t\t\t\t\t<\/div>\n\t\t<\/section>\n\t\t\t\t<\/div>\n\t\t","protected":false},"excerpt":{"rendered":"<p>\u00a0 Datenschutz &amp; ImpressumGeltungsbereichDiese Datenschutzerkl\u00e4rung vom 25.5.2018 gilt f\u00fcr das Internet-Angebot www.begge-peder.de und die dort angebotenen eigenen Inhalte. F\u00fcr Inhalte anderer Anbieter, auf die z. B. \u00fcber Links verwiesen wird, gelten die dortigen Bestimmungen. Insbesondere sind diese gem\u00e4\u00df \u00a7 7 Abs. 1 Telemediengesetz (TMG) f\u00fcr eigene Inhalte verantwortlich. Verantwortliche StelleF\u00fcr die Webseite www.begge-peder.de verantwortlich im &hellip; <\/p>\n<p class=\"link-more\"><a href=\"https:\/\/begge-peder.de\/?page_id=3\" class=\"more-link\">Mehr <span class=\"screen-reader-text\">\u00fcber &#8222;Impressum&#8220; <\/span>Lesen<\/a><\/p>\n","protected":false},"author":1,"featured_media":0,"parent":0,"menu_order":0,"comment_status":"closed","ping_status":"closed","template":"","meta":{"inspiro_hide_title":false,"footnotes":""},"class_list":["post-3","page","type-page","status-publish","hentry"],"_links":{"self":[{"href":"https:\/\/begge-peder.de\/index.php?rest_route=\/wp\/v2\/pages\/3","targetHints":{"allow":["GET"]}}],"collection":[{"href":"https:\/\/begge-peder.de\/index.php?rest_route=\/wp\/v2\/pages"}],"about":[{"href":"https:\/\/begge-peder.de\/index.php?rest_route=\/wp\/v2\/types\/page"}],"author":[{"embeddable":true,"href":"https:\/\/begge-peder.de\/index.php?rest_route=\/wp\/v2\/users\/1"}],"replies":[{"embeddable":true,"href":"https:\/\/begge-peder.de\/index.php?rest_route=%2Fwp%2Fv2%2Fcomments&post=3"}],"version-history":[{"count":6,"href":"https:\/\/begge-peder.de\/index.php?rest_route=\/wp\/v2\/pages\/3\/revisions"}],"predecessor-version":[{"id":150,"href":"https:\/\/begge-peder.de\/index.php?rest_route=\/wp\/v2\/pages\/3\/revisions\/150"}],"wp:attachment":[{"href":"https:\/\/begge-peder.de\/index.php?rest_route=%2Fwp%2Fv2%2Fmedia&parent=3"}],"curies":[{"name":"wp","href":"https:\/\/api.w.org\/{rel}","templated":true}]}}